{"id":81,"date":"2018-04-05T12:54:17","date_gmt":"2018-04-05T12:54:17","guid":{"rendered":"http:\/\/comgate.fi\/wp-template\/?page_id=81"},"modified":"2020-06-17T14:39:44","modified_gmt":"2020-06-17T14:39:44","slug":"kaikki-kohteet","status":"publish","type":"page","link":"https:\/\/sites1.matkaverkko.fi\/matka-template\/kaikki-kohteet\/","title":{"rendered":"kaikki kohteet"},"content":{"rendered":"<div class=\"wpb-content-wrapper\"><p>[vc_row css_animation=&#8221;&#8221; row_type=&#8221;row&#8221; use_row_as_full_screen_section=&#8221;no&#8221; type=&#8221;full_width&#8221; angled_section=&#8221;no&#8221; text_align=&#8221;left&#8221; background_image_as_pattern=&#8221;without_pattern&#8221;][vc_column]<winres-departures-list  search-criteria=\"{Limit: 50}\"  description-length=\"0\"  ignore-capacity=\"true\"  reservation-link-template=\"..\/kohde\"  no-dates-for-day-capacity=\"true\"  show-full-text=\"true\"  capacity-break-point=\"8\"  enough-capacity=\"viel\u00e4 j\u00e4ljell\u00e4\"  capacity-number=\"True\"  capacity-break-point-text=\"Muutamia j\u00e4ljell\u00e4\"  capacity-full-text=\"T\u00e4ynn\u00e4\"  mode=\"table\"  template-url=\"\"    ><\/winres-departures-list>[\/vc_column][\/vc_row][vc_row css_animation=&#8221;&#8221; row_type=&#8221;row&#8221; use_row_as_full_screen_section=&#8221;no&#8221; type=&#8221;full_width&#8221; angled_section=&#8221;no&#8221; text_align=&#8221;left&#8221; background_image_as_pattern=&#8221;without_pattern&#8221;][vc_column][vc_raw_html]JTNDd2lucmVzLWRlcGFydHVyZXMtbGlzdCUyMCUwQXNlYXJjaC1jcml0ZXJpYSUzRCUyMiU3QkxpbWl0JTNBNSUyQyUyMERlc3RpbmF0aW9uQ29kZXMlM0ElNUIlMjdQTU1BTFRBJTI3JTVEJTdEJTBBJTIwJTIwJTIwJTIwJTIwJTIwJTIwJTIwJTIwJTIwJTIwJTIwJTIwJTIwJTIwJTIwJTIwJTIwZGVzY3JpcHRpb24tbGVuZ3RoJTNEJTIyMCUyMiUyMCUwQSUyMCUyMCUyMCUyMCUyMCUyMCUyMCUyMCUyMCUyMCUyMCUyMCUyMCUyMCUyMCUyMCUyMCUyMGlnbm9yZS1jYXBhY2l0eSUzRCUyMnRydWUlMjIlMjAlMEElMjAlMjAlMjAlMjAlMjAlMjAlMjAlMjAlMjAlMjAlMjAlMjAlMjAlMjAlMjAlMjAlMjAlMjByZXNlcnZhdGlvbi1saW5rLXRlbXBsYXRlJTNEJTIyLi4lMkZrb2hkZSUyMiUyMCUwQSUyMCUyMCUyMCUyMCUyMCUyMCUyMCUyMCUyMCUyMCUyMCUyMCUyMCUyMCUyMCUyMCUyMCUyMG5vLWRhdGVzLWZvci1kYXktY2FwYWNpdHklM0QlMjJ0cnVlJTIyJTIwJTBBJTIwJTIwJTIwJTIwJTIwJTIwJTIwJTIwJTIwJTIwJTIwJTIwJTIwJTIwJTIwJTIwJTIwJTIwc2hvdy1mdWxsLXRleHQlM0QlMjJ0cnVlJTIyJTIwJTBBJTIwJTIwJTIwJTIwJTIwJTIwJTIwJTIwJTIwJTIwJTIwJTIwJTIwJTIwJTIwJTIwJTIwJTIwY2FwYWNpdHktYnJlYWstcG9pbnQlM0QlMjI4JTIyJTIwJTBBJTIwJTIwJTIwJTIwJTIwJTIwJTIwJTIwJTIwJTIwJTIwJTIwJTIwJTIwJTIwJTIwJTIwJTIwZW5vdWdoLWNhcGFjaXR5JTNEJTIyVmllbCVDMyVBNCUyMG1haHR1dSUyMiUyMCUwQSUyMCUyMCUyMCUyMCUyMCUyMCUyMCUyMCUyMCUyMCUyMCUyMCUyMCUyMCUyMCUyMCUyMCUyMGNhcGFjaXR5LW51bWJlciUzRCUyMlRydWUlMjIlMjAlMEElMjAlMjAlMjAlMjAlMjAlMjAlMjAlMjAlMjAlMjAlMjAlMjAlMjAlMjAlMjAlMjAlMjAlMjBjYXBhY2l0eS1icmVhay1wb2ludC10ZXh0JTNEJTIyJTIwaiVDMyVBNGxqZWxsJUMzJUE0JTIyJTIwJTBBJTIwJTIwJTIwJTIwJTIwJTIwJTIwJTIwJTIwJTIwJTIwJTIwJTIwJTIwJTIwJTIwJTIwJTIwY2FwYWNpdHktZnVsbC10ZXh0JTNEJTIyVCVDMyVBNHlubiVDMyVBNCUyMiUwQSUyMCUyMCUyMCUyMCUyMCUyMCUyMCUyMCUyMCUyMCUyMCUyMCUyMCUyMCUyMCUyMCUyMCUyMG1vZGUlM0QlMjJ0YWJsZSUyMiUyMCUwQSUyMCUyMCUyMCUyMCUyMCUyMCUyMCUyMCUyMCUyMCUyMCUyMCUyMCUyMCUyMCUyMCUyMCUyMHdpdGgtcmVzZXJ2ZS1saW5rJTNEJTIydHJ1ZSUyMiUwQSUyMCUyMCUyMCUyMCUyMCUyMCUyMCUyMCUyMCUyMCUyMCUyMCUyMCUyMCUyMCUyMCUyMCUyMHVzZS1zZWFyY2gtZGVwYXJ0dXJlcyUzRCUyMnRydWUlMjIlMjAlMEElMjAlMjAlMjAlMjAlMjAlMjAlMjAlMjAlMjAlMjAlMjAlMjAlMjAlMjAlMjAlMjAlMjAlMjB0ZW1wbGF0ZS11cmwlM0QlMjJjdXN0b20lMkZvbmdvbGYlMkZkZXBhcnR1cmVzTGlzdE1pbmkuaHRtbCUyMiUyMCUyMCUyMCUyMCUzRSUwQSUyMCUyMCUyMCUyMCUyMCUyMCUyMCUyMCUyMCUyMCUyMCUyMCUyMCUyMCUyMCUyMCUzQyUyRndpbnJlcy1kZXBhcnR1cmVzLWxpc3QlM0U=[\/vc_raw_html][\/vc_column][\/vc_row]<\/p>\n<\/div>","protected":false},"excerpt":{"rendered":"<p>[vc_row css_animation=&#8221;&#8221; row_type=&#8221;row&#8221; use_row_as_full_screen_section=&#8221;no&#8221; type=&#8221;full_width&#8221; angled_section=&#8221;no&#8221; text_align=&#8221;left&#8221; background_image_as_pattern=&#8221;without_pattern&#8221;][vc_column][\/vc_column][\/vc_row][vc_row css_animation=&#8221;&#8221; row_type=&#8221;row&#8221; use_row_as_full_screen_section=&#8221;no&#8221; type=&#8221;full_width&#8221; angled_section=&#8221;no&#8221; text_align=&#8221;left&#8221; background_image_as_pattern=&#8221;without_pattern&#8221;][vc_column][vc_raw_html]JTNDd2lucmVzLWRlcGFydHVyZXMtbGlzdCUyMCUwQXNlYXJjaC1jcml0ZXJpYSUzRCUyMiU3QkxpbWl0JTNBNSUyQyUyMERlc3RpbmF0aW9uQ29kZXMlM0ElNUIlMjdQTU1BTFRBJTI3JTVEJTdEJTBBJTIwJTIwJTIwJTIwJTIwJTIwJTIwJTIwJTIwJTIwJTIwJTIwJTIwJTIwJTIwJTIwJTIwJTIwZGVzY3JpcHRpb24tbGVuZ3RoJTNEJTIyMCUyMiUyMCUwQSUyMCUyMCUyMCUyMCUyMCUyMCUyMCUyMCUyMCUyMCUyMCUyMCUyMCUyMCUyMCUyMCUyMCUyMGlnbm9yZS1jYXBhY2l0eSUzRCUyMnRydWUlMjIlMjAlMEElMjAlMjAlMjAlMjAlMjAlMjAlMjAlMjAlMjAlMjAlMjAlMjAlMjAlMjAlMjAlMjAlMjAlMjByZXNlcnZhdGlvbi1saW5rLXRlbXBsYXRlJTNEJTIyLi4lMkZrb2hkZSUyMiUyMCUwQSUyMCUyMCUyMCUyMCUyMCUyMCUyMCUyMCUyMCUyMCUyMCUyMCUyMCUyMCUyMCUyMCUyMCUyMG5vLWRhdGVzLWZvci1kYXktY2FwYWNpdHklM0QlMjJ0cnVlJTIyJTIwJTBBJTIwJTIwJTIwJTIwJTIwJTIwJTIwJTIwJTIwJTIwJTIwJTIwJTIwJTIwJTIwJTIwJTIwJTIwc2hvdy1mdWxsLXRleHQlM0QlMjJ0cnVlJTIyJTIwJTBBJTIwJTIwJTIwJTIwJTIwJTIwJTIwJTIwJTIwJTIwJTIwJTIwJTIwJTIwJTIwJTIwJTIwJTIwY2FwYWNpdHktYnJlYWstcG9pbnQlM0QlMjI4JTIyJTIwJTBBJTIwJTIwJTIwJTIwJTIwJTIwJTIwJTIwJTIwJTIwJTIwJTIwJTIwJTIwJTIwJTIwJTIwJTIwZW5vdWdoLWNhcGFjaXR5JTNEJTIyVmllbCVDMyVBNCUyMG1haHR1dSUyMiUyMCUwQSUyMCUyMCUyMCUyMCUyMCUyMCUyMCUyMCUyMCUyMCUyMCUyMCUyMCUyMCUyMCUyMCUyMCUyMGNhcGFjaXR5LW51bWJlciUzRCUyMlRydWUlMjIlMjAlMEElMjAlMjAlMjAlMjAlMjAlMjAlMjAlMjAlMjAlMjAlMjAlMjAlMjAlMjAlMjAlMjAlMjAlMjBjYXBhY2l0eS1icmVhay1wb2ludC10ZXh0JTNEJTIyJTIwaiVDMyVBNGxqZWxsJUMzJUE0JTIyJTIwJTBBJTIwJTIwJTIwJTIwJTIwJTIwJTIwJTIwJTIwJTIwJTIwJTIwJTIwJTIwJTIwJTIwJTIwJTIwY2FwYWNpdHktZnVsbC10ZXh0JTNEJTIyVCVDMyVBNHlubiVDMyVBNCUyMiUwQSUyMCUyMCUyMCUyMCUyMCUyMCUyMCUyMCUyMCUyMCUyMCUyMCUyMCUyMCUyMCUyMCUyMCUyMG1vZGUlM0QlMjJ0YWJsZSUyMiUyMCUwQSUyMCUyMCUyMCUyMCUyMCUyMCUyMCUyMCUyMCUyMCUyMCUyMCUyMCUyMCUyMCUyMCUyMCUyMHdpdGgtcmVzZXJ2ZS1saW5rJTNEJTIydHJ1ZSUyMiUwQSUyMCUyMCUyMCUyMCUyMCUyMCUyMCUyMCUyMCUyMCUyMCUyMCUyMCUyMCUyMCUyMCUyMCUyMHVzZS1zZWFyY2gtZGVwYXJ0dXJlcyUzRCUyMnRydWUlMjIlMjAlMEElMjAlMjAlMjAlMjAlMjAlMjAlMjAlMjAlMjAlMjAlMjAlMjAlMjAlMjAlMjAlMjAlMjAlMjB0ZW1wbGF0ZS11cmwlM0QlMjJjdXN0b20lMkZvbmdvbGYlMkZkZXBhcnR1cmVzTGlzdE1pbmkuaHRtbCUyMiUyMCUyMCUyMCUyMCUzRSUwQSUyMCUyMCUyMCUyMCUyMCUyMCUyMCUyMCUyMCUyMCUyMCUyMCUyMCUyMCUyMCUyMCUzQyUyRndpbnJlcy1kZXBhcnR1cmVzLWxpc3QlM0U=[\/vc_raw_html][\/vc_column][\/vc_row]<\/p>\n","protected":false},"author":1,"featured_media":0,"parent":0,"menu_order":0,"comment_status":"closed","ping_status":"closed","template":"","meta":{"footnotes":""},"class_list":["post-81","page","type-page","status-publish","hentry"],"_links":{"self":[{"href":"https:\/\/sites1.matkaverkko.fi\/matka-template\/wp-json\/wp\/v2\/pages\/81","targetHints":{"allow":["GET"]}}],"collection":[{"href":"https:\/\/sites1.matkaverkko.fi\/matka-template\/wp-json\/wp\/v2\/pages"}],"about":[{"href":"https:\/\/sites1.matkaverkko.fi\/matka-template\/wp-json\/wp\/v2\/types\/page"}],"author":[{"embeddable":true,"href":"https:\/\/sites1.matkaverkko.fi\/matka-template\/wp-json\/wp\/v2\/users\/1"}],"replies":[{"embeddable":true,"href":"https:\/\/sites1.matkaverkko.fi\/matka-template\/wp-json\/wp\/v2\/comments?post=81"}],"version-history":[{"count":8,"href":"https:\/\/sites1.matkaverkko.fi\/matka-template\/wp-json\/wp\/v2\/pages\/81\/revisions"}],"predecessor-version":[{"id":457,"href":"https:\/\/sites1.matkaverkko.fi\/matka-template\/wp-json\/wp\/v2\/pages\/81\/revisions\/457"}],"wp:attachment":[{"href":"https:\/\/sites1.matkaverkko.fi\/matka-template\/wp-json\/wp\/v2\/media?parent=81"}],"curies":[{"name":"wp","href":"https:\/\/api.w.org\/{rel}","templated":true}]}}