{"id":60,"date":"2018-04-04T10:27:29","date_gmt":"2018-04-04T10:27:29","guid":{"rendered":"http:\/\/comgate.fi\/wp-template\/?page_id=60"},"modified":"2026-01-09T09:06:57","modified_gmt":"2026-01-09T09:06:57","slug":"kohde","status":"publish","type":"page","link":"https:\/\/sites1.matkaverkko.fi\/matka-template\/kohde\/","title":{"rendered":"kohde"},"content":{"rendered":"<div class=\"wpb-content-wrapper\"><p>[vc_row css_animation=&#8221;&#8221; row_type=&#8221;row&#8221; use_row_as_full_screen_section=&#8221;no&#8221; type=&#8221;full_width&#8221; angled_section=&#8221;no&#8221; text_align=&#8221;left&#8221; background_image_as_pattern=&#8221;without_pattern&#8221;][vc_column]<winres-reservation-header  template-url=\"\"    ><\/winres-reservation-header>[\/vc_column][\/vc_row][vc_row css_animation=&#8221;&#8221; row_type=&#8221;row&#8221; use_row_as_full_screen_section=&#8221;no&#8221; type=&#8221;grid&#8221; angled_section=&#8221;no&#8221; text_align=&#8221;left&#8221; background_image_as_pattern=&#8221;without_pattern&#8221;][vc_column][vc_tabs style=&#8221;horizontal&#8221; el_class=&#8221;matkasivuTabs&#8221;][vc_tab title=&#8221;KOHTEEN KUVAUS&#8221; tab_id=&#8221;bc14cfb6-fe4b-5&#8243;][vc_empty_space]<winres-destination-info  trust-as-html=\"true\"  template-url=\"custom\/template\/winresDestinationInfo.html\"    ><\/winres-destination-info>[vc_raw_html el_id=&#8221;reserve-btn&#8221;]JTNDZGl2JTIwc3R5bGUlM0QlMjJ0ZXh0LWFsaWduJTNBJTIwY2VudGVyJTNCJTIyJTNFJTBBJTIwJTIwJTIwJTIwJTNDaW5wdXQlMjB0eXBlJTNEJTIyYnV0dG9uJTIyJTIwY2xhc3MlM0QlMjJidG4tZ28tdG8tb3N0YS1tYXRrYSUyMiUyMG9uY2xpY2slM0QlMjJnb1RvT3N0YU1hdGthJTI4JTI5JTIyJTIwdmFsdWUlM0QlMjJWYXJhYSUyME1hdGthJTIyJTJGJTNFJTBBJTIwJTIwJTIwJTIwJTNDaW5wdXQlMjB0eXBlJTNEJTIyYnV0dG9uJTIyJTIwY2xhc3MlM0QlMjJidG4tYXNrLW1vcmUlMjIlMjBpZCUzRCUyMm90YV95aHRleXR0YSUyMiUyMHZhbHVlJTNEJTIyS3lzeSUyMGxpcyVDMyVBNCVDMyVBNCUyMiUyRiUzRSUwQSUzQyUyRmRpdiUzRSUwQQ==[\/vc_raw_html][vc_column_text]\n<div class=\"wpcf7 no-js\" id=\"wpcf7-f303-o1\" lang=\"fi\" dir=\"ltr\" data-wpcf7-id=\"303\">\n<div class=\"screen-reader-response\"><p role=\"status\" aria-live=\"polite\" aria-atomic=\"true\"><\/p> <ul><\/ul><\/div>\n<form action=\"\/matka-template\/wp-json\/wp\/v2\/pages\/60#wpcf7-f303-o1\" method=\"post\" class=\"wpcf7-form init\" aria-label=\"Yhteydenottolomake\" novalidate=\"novalidate\" data-status=\"init\">\n<fieldset class=\"hidden-fields-container\"><input type=\"hidden\" name=\"_wpcf7\" value=\"303\" \/><input type=\"hidden\" name=\"_wpcf7_version\" value=\"6.1.1\" \/><input type=\"hidden\" name=\"_wpcf7_locale\" value=\"fi\" \/><input type=\"hidden\" name=\"_wpcf7_unit_tag\" value=\"wpcf7-f303-o1\" \/><input type=\"hidden\" name=\"_wpcf7_container_post\" value=\"0\" \/><input type=\"hidden\" name=\"_wpcf7_posted_data_hash\" value=\"\" \/><input type=\"hidden\" name=\"_wpcf7dtx_version\" value=\"5.0.5\" \/>\n<\/fieldset>\n<p><label> Nimi *<br \/>\n<span class=\"wpcf7-form-control-wrap\" data-name=\"your-name\"><input size=\"40\" maxlength=\"400\" class=\"wpcf7-form-control wpcf7-text wpcf7-validates-as-required\" aria-required=\"true\" aria-invalid=\"false\" value=\"\" type=\"text\" name=\"your-name\" \/><\/span> <\/label>\n<\/p>\n<p><label> S\u00e4hk\u00f6posti *<br \/>\n<span class=\"wpcf7-form-control-wrap\" data-name=\"your-email\"><input size=\"40\" maxlength=\"400\" class=\"wpcf7-form-control wpcf7-email wpcf7-validates-as-required wpcf7-text wpcf7-validates-as-email\" aria-required=\"true\" aria-invalid=\"false\" value=\"\" type=\"email\" name=\"your-email\" \/><\/span> <\/label>\n<\/p>\n<p><label> Puhelin<br \/>\n<span class=\"wpcf7-form-control-wrap\" data-name=\"your-phone\"><input size=\"40\" maxlength=\"400\" class=\"wpcf7-form-control wpcf7-text\" aria-invalid=\"false\" value=\"\" type=\"text\" name=\"your-phone\" \/><\/span> <\/label>\n<\/p>\n<p><label> Henkil\u00f6iden lukum\u00e4\u00e4r\u00e4<br \/>\n<span class=\"wpcf7-form-control-wrap\" data-name=\"persons\"><input size=\"40\" maxlength=\"400\" class=\"wpcf7-form-control wpcf7-text\" aria-invalid=\"false\" value=\"\" type=\"text\" name=\"persons\" \/><\/span> <\/label>\n<\/p>\n<p><label id=\"destination\"> Kohde<br \/>\n<span class=\"wpcf7-form-control-wrap\" data-name=\"destination\"><input size=\"40\" maxlength=\"400\" class=\"wpcf7-form-control wpcf7-text wpcf7-validates-as-required\" aria-required=\"true\" aria-invalid=\"false\" value=\"\" type=\"text\" name=\"destination\" \/><\/span> <\/label>\n<\/p>\n<p><label> Kysy lis\u00e4\u00e4 matkasta:<br \/>\n<span class=\"wpcf7-form-control-wrap\" data-name=\"your-message\"><textarea cols=\"40\" rows=\"10\" maxlength=\"2000\" class=\"wpcf7-form-control wpcf7-textarea\" aria-invalid=\"false\" name=\"your-message\"><\/textarea><\/span> <\/label>\n<\/p>\n<p><input class=\"wpcf7-form-control wpcf7-submit has-spinner\" type=\"submit\" value=\"L\u00e4het\u00e4\" \/>\n<\/p><p style=\"display: none !important;\" class=\"akismet-fields-container\" data-prefix=\"_wpcf7_ak_\"><label>&#916;<textarea name=\"_wpcf7_ak_hp_textarea\" cols=\"45\" rows=\"8\" maxlength=\"100\"><\/textarea><\/label><input type=\"hidden\" id=\"ak_js_1\" name=\"_wpcf7_ak_js\" value=\"0\"\/><script>document.getElementById( \"ak_js_1\" ).setAttribute( \"value\", ( new Date() ).getTime() );<\/script><\/p><div class=\"wpcf7-response-output\" aria-hidden=\"true\"><\/div>\n<\/form>\n<\/div>\n[\/vc_column_text][\/vc_tab][vc_tab title=&#8221;VARAA MATKA&#8221; tab_id=&#8221;3255d18c-99a3-0&#8243;]<winres-reservation-shopping-tabs  hide-when-no-capacity=\"true\"  num-of-people-limit=\"51\"  template-url=\"custom\/template\/winresReservationShoppingTabs.html\"    ><\/winres-reservation-shopping-tabs><winres-reservation-pay-button  target-phase=\"call\"  error-timeout=\"5000\"  hide-when-no-capacity=\"true\"  call=\"window.showShoppingBasket()\"  template-url=\"\"    ><\/winres-reservation-pay-button>[vc_raw_html]JTNDd2lucmVzLXJlc2VydmF0aW9uLWN1c3RvbS1waGFzZSUyMHBoYXNlJTNEJTIyZGVwYXJ0dXJlJTIyJTNFJTBBJTIwJTIwJTNDd2lucmVzLWRlcGFydHVyZXMtc2VhcmNoJTIwJTBBJTIwJTIwJTIwJTIwbW9kZSUzRCUyMmhvcml6b250YWwlMjIlMjAlMEElMjAlMjAlMjAlMjBzdHlsZSUzRCUyMndpZHRoJTNBMTAwJTI1JTNCJTIyJTIwJTBBJTIwJTIwJTIwJTIwaW50ZXJuZXQtY2xhc3NpZmljYXRpb24tdGl0bGUtMiUzRCUyMnJhbmRvbWklMjB0aXRsZSUyMiUyMCUwQSUyMCUyMCUyMCUyMHRlbXBsYXRlLXVybCUzRCUyMmN1c3RvbSUyRnRlbXBsYXRlJTJGa29oZGVzaXZ1U2VhcmNoLmh0bWwlMjIlMjAlMEElMjAlMjAlMjAlMjBvbi11cGRhdGUlM0QlMjJ0aGlzLnNlYXJjaENyaXRlcmlhJTIwJTNEJTIwc2VhcmNoQ3JpdGVyaWElMjIlMjAlMEElMjAlMjAlMjAlMjBwYXNzZW5nZXItY291bnRzJTNEJTIycG9wdXAlMjIlMjAlMEElMjAlMjAlMjAlMjB1c2UtY3VycmVudC1kZXN0aW5hdGlvbiUzRCUyMnRydWUlMjIlMjAlMEElMEElMjAlMjAlMjAlMjBzZWFyY2gtb24taW5pdCUzRCUyMnRydWUlMjIlM0UlMEElMjAlMjAlM0MlMkZ3aW5yZXMtZGVwYXJ0dXJlcy1zZWFyY2glM0UlMEElMjAlMjAlM0N3aW5yZXMtZGVwYXJ0dXJlcy1saXN0JTIwJTBBJTIwJTIwJTIwJTIwbW9kZSUzRCUyMnRhYmxlJTIyJTIwJTBBJTIwJTIwJTIwJTIwdGVtcGxhdGUtdXJsJTNEJTIyY3VzdG9tJTJGdGVtcGxhdGUlMkZ3aW5yZXNEZXBhcnR1cmVzTGlzdFRhYmxlLmh0bWwlMjIlMjAlMEElMjAlMjAlMjAlMjBzZWFyY2gtY3JpdGVyaWElM0QlMjJzZWFyY2hDcml0ZXJpYSUyMiUwQSUyMCUyMCUyMCUyMHJlc2VydmF0aW9uLWxpbmstdGVtcGxhdGUlM0QlMjIuLiUyRmtvaGRlJTIyJTBBJTIwJTIwJTIwJTIwd2l0aC1yZXNlcnZlLWxpbmslM0QlMjJmYWxzZSUyMiUwQSUyMCUyMCUyMCUyMHVzZS1zZWFyY2gtZGVwYXJ0dXJlcyUzRCUyMnRydWUlMjIlM0UlMEElMjAlMjAlM0MlMkZ3aW5yZXMtZGVwYXJ0dXJlcy1saXN0JTNFJTBBJTNDJTJGd2lucmVzLXJlc2VydmF0aW9uLWN1c3RvbS1waGFzZSUzRQ==[\/vc_raw_html]<winres-reservation-congress-rooms  require-all-accommodated=\"true\"  disallow-extra-occupancy=\"true\"  departure-mode=\"single\"  dropdown=\"true\"  show-continue-button=\"true\"  everyone-can-have-own-room=\"true\"  template-url=\"custom\/template\/winresReservationCongressRooms.html\"    ><\/winres-reservation-congress-rooms><winres-reservation-customer-info  customer-is-passenger-initial=\"true\"  ask-customer-is-passenger=\"checkbox\"  terms-switch=\"true\"  show-continue-button=\"true\"  template-url=\"custom\/template\/winresReservationCustomerInfo.html\"    ><\/winres-reservation-customer-info><winres-reservation-passenger-info  show-continue-button=\"true\"  can-delete-passengers=\"false\"  can-add-passengers=\"false\"  template-url=\"\"    ><\/winres-reservation-passenger-info>[vc_raw_html]JTNDd2lucmVzLXJlc2VydmF0aW9uLWN1c3RvbS1waGFzZSUyMHBoYXNlJTNEJTIyZXh0cmFzZXJ2aWNlcyUyMiUzRSUwQSUyMCUyMCUzQ3dpbnJlcy10cmFuc3BvcnQtd3JhcHBlciUzRSUzQyUyRndpbnJlcy10cmFuc3BvcnQtd3JhcHBlciUzRSUwQSUzQyUyRndpbnJlcy1yZXNlcnZhdGlvbi1jdXN0b20tcGhhc2UlM0U=[\/vc_raw_html][vc_raw_html]JTNDd2lucmVzLXJlc2VydmF0aW9uLWN1c3RvbS1waGFzZSUyMHBoYXNlJTNEJTIyZXh0cmFzZXJ2aWNlcyUyMiUzRSUwQSUyMCUyMCUzQ3dpbnJlcy1zZXJ2aWNlcy13cmFwcGVyJTNFJTNDJTJGd2lucmVzLXNlcnZpY2VzLXdyYXBwZXIlM0UlMEElM0MlMkZ3aW5yZXMtcmVzZXJ2YXRpb24tY3VzdG9tLXBoYXNlJTNF[\/vc_raw_html][\/vc_tab][vc_tab title=&#8221;KUVAGALLERIA&#8221; tab_id=&#8221;1523622125675-2-6&#8243;][vc_empty_space][vc_text_separator title=&#8221;Kohteen kuvat&#8221; border=&#8221;no&#8221;][vc_empty_space]<winres-destination-images  template-url=\"\"    ><\/winres-destination-images>[vc_raw_html]JTNDZGl2JTIwc3R5bGUlM0QlMjJ0ZXh0LWFsaWduJTNBJTIwY2VudGVyJTNCJTIyJTNFJTBBJTIwJTIwJTIwJTIwJTNDaW5wdXQlMjB0eXBlJTNEJTIyYnV0dG9uJTIyJTIwY2xhc3MlM0QlMjJidG4tZ28tdG8tb3N0YS1tYXRrYSUyMiUyMG9uY2xpY2slM0QlMjJnb1RvT3N0YU1hdGthJTI4JTI5JTIyJTIwdmFsdWUlM0QlMjJWYXJhYSUyME1hdGthJTIyJTJGJTNFJTBBJTNDJTJGZGl2JTNFJTBB[\/vc_raw_html][\/vc_tab][vc_tab title=&#8221;HYV\u00c4 TIET\u00c4\u00c4&#8221; tab_id=&#8221;1523624258405-3-2&#8243;][vc_empty_space][vc_text_separator title=&#8221;Hyv\u00e4 tiet\u00e4\u00e4&#8221; border=&#8221;no&#8221;][vc_empty_space]<winres-destination-blocks  map=\"true\"  template-url=\"\"    ><\/winres-destination-blocks>[vc_raw_html]JTNDZGl2JTIwc3R5bGUlM0QlMjJ0ZXh0LWFsaWduJTNBJTIwY2VudGVyJTNCJTIyJTNFJTBBJTIwJTIwJTIwJTIwJTNDaW5wdXQlMjB0eXBlJTNEJTIyYnV0dG9uJTIyJTIwY2xhc3MlM0QlMjJidG4tZ28tdG8tb3N0YS1tYXRrYSUyMiUyMG9uY2xpY2slM0QlMjJnb1RvT3N0YU1hdGthJTI4JTI5JTIyJTIwdmFsdWUlM0QlMjJWYXJhYSUyME1hdGthJTIyJTJGJTNFJTBBJTNDJTJGZGl2JTNFJTBB[\/vc_raw_html][\/vc_tab][\/vc_tabs][vc_raw_js]JTNDc2NyaXB0JTIwdHlwZSUzRCUyMnRleHQlMkZqYXZhc2NyaXB0JTIyJTNFJTIwJTBBZnVuY3Rpb24lMjBnb1RvT3N0YU1hdGthJTI4JTI5JTdCJTIwJTBBJTIwJTIwJTIwJTIwZG9jdW1lbnQucXVlcnlTZWxlY3RvckFsbCUyOCUyMmElNUJocmVmJTNEJTI3JTIzdGFiLTMyNTVkMThjLTk5YTMtMCUyNyU1RCUyMiUyOSU1QjAlNUQuY2xpY2slMjglMjklM0IlMEElMjAlMjAlMjAlMjBkb2N1bWVudC5xdWVyeVNlbGVjdG9yQWxsJTI4JTIyYSU1QmhyZWYlM0QlMjclMjN0YWItMzI1NWQxOGMtOTlhMy0wJTI3JTVEJTIyJTI5JTVCMCU1RC5zY3JvbGxJbnRvVmlldyUyOCUyMHRydWUlMjAlMjklM0IlMEElMjAlMjAlMjAlMjB3aW5kb3cuc2Nyb2xsQnklMjgwJTJDJTIwLTcwJTI5JTNCJTBBJTdEJTIwJTBBJTBBZnVuY3Rpb24lMjBnb1VwJTI4JTI5JTdCJTBBJTIwJTIwJTIwJTIwd2luZG93LnNjcm9sbCUyODAlMkMlMjAwJTI5JTNCJTBBJTdEJTBBJTBBJTNDJTJGc2NyaXB0JTNFJTBBJTNDc2NyaXB0JTNFJTBBJTBBZnVuY3Rpb24lMjBvcGVuZm9ybSUyOCUyOSU3QiUwQWlmJTI4ZG9jdW1lbnQuZ2V0RWxlbWVudEJ5SWQlMjglMjJ3cGNmNy1mMzAzLXA2MC1vMSUyMiUyOS5zdHlsZS5kaXNwbGF5JTIwJTNEJTNEJTIwJTIybm9uZSUyMiUyOSU3QiUwQWRvY3VtZW50LmdldEVsZW1lbnRCeUlkJTI4JTIyd3BjZjctZjMwMy1wNjAtbzElMjIlMjkuc3R5bGUuZGlzcGxheSUyMCUzRCUyMCUyMmJsb2NrJTIyJTNCJTBBJTdEZWxzZSU3QiUwQWRvY3VtZW50LmdldEVsZW1lbnRCeUlkJTI4JTIyd3BjZjctZjMwMy1wNjAtbzElMjIlMjkuc3R5bGUuZGlzcGxheSUyMCUzRCUyMCUyMm5vbmUlMjIlM0IlMEElN0QlMEElN0QlMEFkb2N1bWVudC5nZXRFbGVtZW50QnlJZCUyOCUyMndwY2Y3LWYzMDMtcDYwLW8xJTIyJTI5LnN0eWxlLmRpc3BsYXklMjAlM0QlMjAlMjJub25lJTIyJTNCJTBBJTBBZG9jdW1lbnQuZ2V0RWxlbWVudEJ5SWQlMjglMjJvdGFfeWh0ZXl0dGElMjIlMjkuYWRkRXZlbnRMaXN0ZW5lciUyOCUyMmNsaWNrJTIyJTJDJTIwb3BlbmZvcm0lMkMlMjBmYWxzZSUyOSUzQiUwQSUwQSUzQyUyRnNjcmlwdCUzRQ==[\/vc_raw_js][\/vc_column][\/vc_row]<\/p>\n<\/div>","protected":false},"excerpt":{"rendered":"<p>[vc_row css_animation=&#8221;&#8221; row_type=&#8221;row&#8221; use_row_as_full_screen_section=&#8221;no&#8221; type=&#8221;full_width&#8221; angled_section=&#8221;no&#8221; text_align=&#8221;left&#8221; background_image_as_pattern=&#8221;without_pattern&#8221;][vc_column][\/vc_column][\/vc_row][vc_row css_animation=&#8221;&#8221; row_type=&#8221;row&#8221; use_row_as_full_screen_section=&#8221;no&#8221; type=&#8221;grid&#8221; angled_section=&#8221;no&#8221; text_align=&#8221;left&#8221; background_image_as_pattern=&#8221;without_pattern&#8221;][vc_column][vc_tabs style=&#8221;horizontal&#8221; el_class=&#8221;matkasivuTabs&#8221;][vc_tab title=&#8221;KOHTEEN KUVAUS&#8221; tab_id=&#8221;bc14cfb6-fe4b-5&#8243;][vc_empty_space][vc_raw_html el_id=&#8221;reserve-btn&#8221;]JTNDZGl2JTIwc3R5bGUlM0QlMjJ0ZXh0LWFsaWduJTNBJTIwY2VudGVyJTNCJTIyJTNFJTBBJTIwJTIwJTIwJTIwJTNDaW5wdXQlMjB0eXBlJTNEJTIyYnV0dG9uJTIyJTIwY2xhc3MlM0QlMjJidG4tZ28tdG8tb3N0YS1tYXRrYSUyMiUyMG9uY2xpY2slM0QlMjJnb1RvT3N0YU1hdGthJTI4JTI5JTIyJTIwdmFsdWUlM0QlMjJWYXJhYSUyME1hdGthJTIyJTJGJTNFJTBBJTIwJTIwJTIwJTIwJTNDaW5wdXQlMjB0eXBlJTNEJTIyYnV0dG9uJTIyJTIwY2xhc3MlM0QlMjJidG4tYXNrLW1vcmUlMjIlMjBpZCUzRCUyMm90YV95aHRleXR0YSUyMiUyMHZhbHVlJTNEJTIyS3lzeSUyMGxpcyVDMyVBNCVDMyVBNCUyMiUyRiUzRSUwQSUzQyUyRmRpdiUzRSUwQQ==[\/vc_raw_html][vc_column_text][\/vc_column_text][\/vc_tab][vc_tab title=&#8221;VARAA MATKA&#8221; tab_id=&#8221;3255d18c-99a3-0&#8243;][vc_raw_html]JTNDd2lucmVzLXJlc2VydmF0aW9uLWN1c3RvbS1waGFzZSUyMHBoYXNlJTNEJTIyZGVwYXJ0dXJlJTIyJTNFJTBBJTIwJTIwJTNDd2lucmVzLWRlcGFydHVyZXMtc2VhcmNoJTIwJTBBJTIwJTIwJTIwJTIwbW9kZSUzRCUyMmhvcml6b250YWwlMjIlMjAlMEElMjAlMjAlMjAlMjBzdHlsZSUzRCUyMndpZHRoJTNBMTAwJTI1JTNCJTIyJTIwJTBBJTIwJTIwJTIwJTIwaW50ZXJuZXQtY2xhc3NpZmljYXRpb24tdGl0bGUtMiUzRCUyMnJhbmRvbWklMjB0aXRsZSUyMiUyMCUwQSUyMCUyMCUyMCUyMHRlbXBsYXRlLXVybCUzRCUyMmN1c3RvbSUyRnRlbXBsYXRlJTJGa29oZGVzaXZ1U2VhcmNoLmh0bWwlMjIlMjAlMEElMjAlMjAlMjAlMjBvbi11cGRhdGUlM0QlMjJ0aGlzLnNlYXJjaENyaXRlcmlhJTIwJTNEJTIwc2VhcmNoQ3JpdGVyaWElMjIlMjAlMEElMjAlMjAlMjAlMjBwYXNzZW5nZXItY291bnRzJTNEJTIycG9wdXAlMjIlMjAlMEElMjAlMjAlMjAlMjB1c2UtY3VycmVudC1kZXN0aW5hdGlvbiUzRCUyMnRydWUlMjIlMjAlMEElMEElMjAlMjAlMjAlMjBzZWFyY2gtb24taW5pdCUzRCUyMnRydWUlMjIlM0UlMEElMjAlMjAlM0MlMkZ3aW5yZXMtZGVwYXJ0dXJlcy1zZWFyY2glM0UlMEElMjAlMjAlM0N3aW5yZXMtZGVwYXJ0dXJlcy1saXN0JTIwJTBBJTIwJTIwJTIwJTIwbW9kZSUzRCUyMnRhYmxlJTIyJTIwJTBBJTIwJTIwJTIwJTIwdGVtcGxhdGUtdXJsJTNEJTIyY3VzdG9tJTJGdGVtcGxhdGUlMkZ3aW5yZXNEZXBhcnR1cmVzTGlzdFRhYmxlLmh0bWwlMjIlMjAlMEElMjAlMjAlMjAlMjBzZWFyY2gtY3JpdGVyaWElM0QlMjJzZWFyY2hDcml0ZXJpYSUyMiUwQSUyMCUyMCUyMCUyMHJlc2VydmF0aW9uLWxpbmstdGVtcGxhdGUlM0QlMjIuLiUyRmtvaGRlJTIyJTBBJTIwJTIwJTIwJTIwd2l0aC1yZXNlcnZlLWxpbmslM0QlMjJmYWxzZSUyMiUwQSUyMCUyMCUyMCUyMHVzZS1zZWFyY2gtZGVwYXJ0dXJlcyUzRCUyMnRydWUlMjIlM0UlMEElMjAlMjAlM0MlMkZ3aW5yZXMtZGVwYXJ0dXJlcy1saXN0JTNFJTBBJTNDJTJGd2lucmVzLXJlc2VydmF0aW9uLWN1c3RvbS1waGFzZSUzRQ==[\/vc_raw_html][vc_raw_html]JTNDd2lucmVzLXJlc2VydmF0aW9uLWN1c3RvbS1waGFzZSUyMHBoYXNlJTNEJTIyZXh0cmFzZXJ2aWNlcyUyMiUzRSUwQSUyMCUyMCUzQ3dpbnJlcy10cmFuc3BvcnQtd3JhcHBlciUzRSUzQyUyRndpbnJlcy10cmFuc3BvcnQtd3JhcHBlciUzRSUwQSUzQyUyRndpbnJlcy1yZXNlcnZhdGlvbi1jdXN0b20tcGhhc2UlM0U=[\/vc_raw_html][vc_raw_html]JTNDd2lucmVzLXJlc2VydmF0aW9uLWN1c3RvbS1waGFzZSUyMHBoYXNlJTNEJTIyZXh0cmFzZXJ2aWNlcyUyMiUzRSUwQSUyMCUyMCUzQ3dpbnJlcy1zZXJ2aWNlcy13cmFwcGVyJTNFJTNDJTJGd2lucmVzLXNlcnZpY2VzLXdyYXBwZXIlM0UlMEElM0MlMkZ3aW5yZXMtcmVzZXJ2YXRpb24tY3VzdG9tLXBoYXNlJTNF[\/vc_raw_html][\/vc_tab][vc_tab title=&#8221;KUVAGALLERIA&#8221; tab_id=&#8221;1523622125675-2-6&#8243;][vc_empty_space][vc_text_separator title=&#8221;Kohteen kuvat&#8221; border=&#8221;no&#8221;][vc_empty_space][vc_raw_html]JTNDZGl2JTIwc3R5bGUlM0QlMjJ0ZXh0LWFsaWduJTNBJTIwY2VudGVyJTNCJTIyJTNFJTBBJTIwJTIwJTIwJTIwJTNDaW5wdXQlMjB0eXBlJTNEJTIyYnV0dG9uJTIyJTIwY2xhc3MlM0QlMjJidG4tZ28tdG8tb3N0YS1tYXRrYSUyMiUyMG9uY2xpY2slM0QlMjJnb1RvT3N0YU1hdGthJTI4JTI5JTIyJTIwdmFsdWUlM0QlMjJWYXJhYSUyME1hdGthJTIyJTJGJTNFJTBBJTNDJTJGZGl2JTNFJTBB[\/vc_raw_html][\/vc_tab][vc_tab title=&#8221;HYV\u00c4 TIET\u00c4\u00c4&#8221; tab_id=&#8221;1523624258405-3-2&#8243;][vc_empty_space][vc_text_separator title=&#8221;Hyv\u00e4 tiet\u00e4\u00e4&#8221; border=&#8221;no&#8221;][vc_empty_space][vc_raw_html]JTNDZGl2JTIwc3R5bGUlM0QlMjJ0ZXh0LWFsaWduJTNBJTIwY2VudGVyJTNCJTIyJTNFJTBBJTIwJTIwJTIwJTIwJTNDaW5wdXQlMjB0eXBlJTNEJTIyYnV0dG9uJTIyJTIwY2xhc3MlM0QlMjJidG4tZ28tdG8tb3N0YS1tYXRrYSUyMiUyMG9uY2xpY2slM0QlMjJnb1RvT3N0YU1hdGthJTI4JTI5JTIyJTIwdmFsdWUlM0QlMjJWYXJhYSUyME1hdGthJTIyJTJGJTNFJTBBJTNDJTJGZGl2JTNFJTBB[\/vc_raw_html][\/vc_tab][\/vc_tabs][vc_raw_js]JTNDc2NyaXB0JTIwdHlwZSUzRCUyMnRleHQlMkZqYXZhc2NyaXB0JTIyJTNFJTIwJTBBZnVuY3Rpb24lMjBnb1RvT3N0YU1hdGthJTI4JTI5JTdCJTIwJTBBJTIwJTIwJTIwJTIwZG9jdW1lbnQucXVlcnlTZWxlY3RvckFsbCUyOCUyMmElNUJocmVmJTNEJTI3JTIzdGFiLTMyNTVkMThjLTk5YTMtMCUyNyU1RCUyMiUyOSU1QjAlNUQuY2xpY2slMjglMjklM0IlMEElMjAlMjAlMjAlMjBkb2N1bWVudC5xdWVyeVNlbGVjdG9yQWxsJTI4JTIyYSU1QmhyZWYlM0QlMjclMjN0YWItMzI1NWQxOGMtOTlhMy0wJTI3JTVEJTIyJTI5JTVCMCU1RC5zY3JvbGxJbnRvVmlldyUyOCUyMHRydWUlMjAlMjklM0IlMEElMjAlMjAlMjAlMjB3aW5kb3cuc2Nyb2xsQnklMjgwJTJDJTIwLTcwJTI5JTNCJTBBJTdEJTIwJTBBJTBBZnVuY3Rpb24lMjBnb1VwJTI4JTI5JTdCJTBBJTIwJTIwJTIwJTIwd2luZG93LnNjcm9sbCUyODAlMkMlMjAwJTI5JTNCJTBBJTdEJTBBJTBBJTNDJTJGc2NyaXB0JTNFJTBBJTNDc2NyaXB0JTNFJTBBJTBBZnVuY3Rpb24lMjBvcGVuZm9ybSUyOCUyOSU3QiUwQWlmJTI4ZG9jdW1lbnQuZ2V0RWxlbWVudEJ5SWQlMjglMjJ3cGNmNy1mMzAzLXA2MC1vMSUyMiUyOS5zdHlsZS5kaXNwbGF5JTIwJTNEJTNEJTIwJTIybm9uZSUyMiUyOSU3QiUwQWRvY3VtZW50LmdldEVsZW1lbnRCeUlkJTI4JTIyd3BjZjctZjMwMy1wNjAtbzElMjIlMjkuc3R5bGUuZGlzcGxheSUyMCUzRCUyMCUyMmJsb2NrJTIyJTNCJTBBJTdEZWxzZSU3QiUwQWRvY3VtZW50LmdldEVsZW1lbnRCeUlkJTI4JTIyd3BjZjctZjMwMy1wNjAtbzElMjIlMjkuc3R5bGUuZGlzcGxheSUyMCUzRCUyMCUyMm5vbmUlMjIlM0IlMEElN0QlMEElN0QlMEFkb2N1bWVudC5nZXRFbGVtZW50QnlJZCUyOCUyMndwY2Y3LWYzMDMtcDYwLW8xJTIyJTI5LnN0eWxlLmRpc3BsYXklMjAlM0QlMjAlMjJub25lJTIyJTNCJTBBJTBBZG9jdW1lbnQuZ2V0RWxlbWVudEJ5SWQlMjglMjJvdGFfeWh0ZXl0dGElMjIlMjkuYWRkRXZlbnRMaXN0ZW5lciUyOCUyMmNsaWNrJTIyJTJDJTIwb3BlbmZvcm0lMkMlMjBmYWxzZSUyOSUzQiUwQSUwQSUzQyUyRnNjcmlwdCUzRQ==[\/vc_raw_js][\/vc_column][\/vc_row]<\/p>\n","protected":false},"author":1,"featured_media":0,"parent":0,"menu_order":0,"comment_status":"closed","ping_status":"closed","template":"full_width.php","meta":{"footnotes":""},"class_list":["post-60","page","type-page","status-publish","hentry"],"_links":{"self":[{"href":"https:\/\/sites1.matkaverkko.fi\/matka-template\/wp-json\/wp\/v2\/pages\/60","targetHints":{"allow":["GET"]}}],"collection":[{"href":"https:\/\/sites1.matkaverkko.fi\/matka-template\/wp-json\/wp\/v2\/pages"}],"about":[{"href":"https:\/\/sites1.matkaverkko.fi\/matka-template\/wp-json\/wp\/v2\/types\/page"}],"author":[{"embeddable":true,"href":"https:\/\/sites1.matkaverkko.fi\/matka-template\/wp-json\/wp\/v2\/users\/1"}],"replies":[{"embeddable":true,"href":"https:\/\/sites1.matkaverkko.fi\/matka-template\/wp-json\/wp\/v2\/comments?post=60"}],"version-history":[{"count":91,"href":"https:\/\/sites1.matkaverkko.fi\/matka-template\/wp-json\/wp\/v2\/pages\/60\/revisions"}],"predecessor-version":[{"id":1129,"href":"https:\/\/sites1.matkaverkko.fi\/matka-template\/wp-json\/wp\/v2\/pages\/60\/revisions\/1129"}],"wp:attachment":[{"href":"https:\/\/sites1.matkaverkko.fi\/matka-template\/wp-json\/wp\/v2\/media?parent=60"}],"curies":[{"name":"wp","href":"https:\/\/api.w.org\/{rel}","templated":true}]}}