{"id":123,"date":"2018-04-10T11:47:04","date_gmt":"2018-04-10T11:47:04","guid":{"rendered":"http:\/\/comgate.fi\/wp-template\/?page_id=123"},"modified":"2018-05-03T23:06:23","modified_gmt":"2018-05-03T23:06:23","slug":"hyva-tietaa","status":"publish","type":"page","link":"https:\/\/sites1.matkaverkko.fi\/matka-template\/hyva-tietaa\/","title":{"rendered":"Hyv\u00e4 tiet\u00e4\u00e4"},"content":{"rendered":"<div class=\"wpb-content-wrapper\"><p>[vc_row css_animation=&#8221;&#8221; row_type=&#8221;row&#8221; use_row_as_full_screen_section=&#8221;no&#8221; type=&#8221;full_width&#8221; angled_section=&#8221;no&#8221; text_align=&#8221;left&#8221; background_image_as_pattern=&#8221;without_pattern&#8221;][vc_column]\t\t\t<script src=\"\/\/sites1.matkaverkko.fi\/matka-template\/wp-content\/plugins\/revslider\/sr6\/assets\/js\/rbtools.min.js?rev=6.7.40\"><\/script>\n\t\t\t<script src=\"\/\/sites1.matkaverkko.fi\/matka-template\/wp-content\/plugins\/revslider\/sr6\/assets\/js\/rs6.min.js?rev=6.7.40\"><\/script>\n\n\t\t\t<!-- START Hyv\u00e4 tiet\u00e4\u00e4 REVOLUTION SLIDER 6.7.40 --><p class=\"rs-p-wp-fix\"><\/p>\n\t\t\t<rs-module-wrap id=\"rev_slider_3_1_wrapper\" data-source=\"gallery\" style=\"visibility:hidden;background:transparent;padding:0;margin:0px auto;margin-top:0;margin-bottom:0;\">\n\t\t\t\t<rs-module id=\"rev_slider_3_1\" style=\"\" data-version=\"6.7.40\">\n\t\t\t\t\t<rs-slides style=\"overflow: hidden; position: absolute;\">\n\t\t\t\t\t\t<rs-slide style=\"position: absolute;\" data-key=\"rs-5\" data-title=\"Hyv\u00e4 tiet\u00e4\u00e4\" data-anim=\"ms:300;\" data-in=\"x:100%;\">\n\t\t\t\t\t\t\t<img decoding=\"async\" src=\"\/\/sites1.matkaverkko.fi\/matka-template\/wp-content\/plugins\/revslider\/sr6\/assets\/assets\/dummy.png\" alt=\"\" title=\"Hyv\u00e4 tiet\u00e4\u00e4\" class=\"rev-slidebg tp-rs-img rs-lazyload\" data-lazyload=\"\/\/comgate.fi\/matka-template\/wp-content\/uploads\/2018\/04\/matkalaukut-hihnalla.jpg\" data-bg=\"p:center top;\" data-parallax=\"off\" data-panzoom=\"d:8000;ss:100;se:110;\" data-no-retina>\n<!--\n\t\t\t\t\t\t\t--><h2\n\t\t\t\t\t\t\t\tid=\"slider-3-slide-5-layer-1\" \n\t\t\t\t\t\t\t\tclass=\"rs-layer rs-selectable\"\n\t\t\t\t\t\t\t\tdata-type=\"text\"\n\t\t\t\t\t\t\t\tdata-color=\"#ffffff\"\n\t\t\t\t\t\t\t\tdata-rsp_ch=\"on\"\n\t\t\t\t\t\t\t\tdata-xy=\"x:c;y:c;\"\n\t\t\t\t\t\t\t\tdata-text=\"s:56;l:22;ls:0px;fw:700;a:inherit;\"\n\t\t\t\t\t\t\t\tdata-frame_0=\"tp:600;\"\n\t\t\t\t\t\t\t\tdata-frame_1=\"tp:600;sR:10;\"\n\t\t\t\t\t\t\t\tdata-frame_999=\"o:0;tp:600;st:w;sR:8690;\"\n\t\t\t\t\t\t\t\tstyle=\"z-index:5;font-family:'Poppins';text-shadow:1px 1px 2px rgba(0,0,0,.4);\"\n\t\t\t\t\t\t\t>Hyv\u00e4 tiet\u00e4\u00e4 \n\t\t\t\t\t\t\t<\/h2><!--\n-->\t\t\t\t\t<\/rs-slide>\n\t\t\t\t\t<\/rs-slides>\n\t\t\t\t<\/rs-module>\n\t\t\t\t<script>\n\t\t\t\t\tsetREVStartSize({c: 'rev_slider_3_1',rl:[1240,1024,778,480],el:[],gw:[1240],gh:[320],type:'hero',justify:'',layout:'fullwidth',mh:\"0\"});if (window.RS_MODULES!==undefined && window.RS_MODULES.modules!==undefined && window.RS_MODULES.modules[\"revslider31\"]!==undefined) {window.RS_MODULES.modules[\"revslider31\"].once = false;window.revapi3 = undefined;if (window.RS_MODULES.checkMinimal!==undefined) window.RS_MODULES.checkMinimal()}\n\t\t\t\t<\/script>\n\t\t\t<\/rs-module-wrap>\n\t\t\t<!-- END REVOLUTION SLIDER -->\n[\/vc_column][\/vc_row][vc_row css_animation=&#8221;&#8221; row_type=&#8221;row&#8221; use_row_as_full_screen_section=&#8221;no&#8221; type=&#8221;full_width&#8221; angled_section=&#8221;no&#8221; text_align=&#8221;left&#8221; background_image_as_pattern=&#8221;without_pattern&#8221; css=&#8221;.vc_custom_1525035732624{padding-top: 3% !important;padding-bottom: 4% !important;}&#8221;][vc_column width=&#8221;1\/2&#8243;][vc_column_text]<\/p>\n<h2>Otsikko<\/h2>\n<p>Lorem ipsum\u00a0dolor sit amet, consectetuer adipiscing elit. Sed posuere interdum sem. Quisque ligula eros ullamcorper quis, lacinia quis facilisis sed sapien. Mauris varius diam vitae arcu. Sed arcu lectus auctor vitae, consectetuer et venenatis eget velit. Sed augue orci, lacinia eu tincidunt et eleifend nec lacus. Donec ultricies nisl ut felis, suspendisse potenti. Lorem ipsum ligula ut hendrerit mollis, ipsum erat vehicula risus, eu suscipit sem libero nec erat. Aliquam erat volutpat. Sed congue augue vitae neque. Nulla consectetuer porttitor pede. Fusce purus morbi tortor magna condimentum vel, placerat id blandit sit amet tortor.[\/vc_column_text][\/vc_column][vc_column width=&#8221;1\/2&#8243;][vc_column_text]<\/p>\n<h2>Otsikko<\/h2>\n<p>Lorem ipsum\u00a0dolor sit amet, consectetuer adipiscing elit. Sed posuere interdum sem. Quisque ligula eros ullamcorper quis, lacinia quis facilisis sed sapien. Mauris varius diam vitae arcu. Sed arcu lectus auctor vitae, consectetuer et venenatis eget velit. Sed augue orci, lacinia eu tincidunt et eleifend nec lacus. Donec ultricies nisl ut felis, suspendisse potenti. Lorem ipsum ligula ut hendrerit mollis, ipsum erat vehicula risus, eu suscipit sem libero nec erat. Aliquam erat volutpat. Sed congue augue vitae neque. Nulla consectetuer porttitor pede. Fusce purus morbi tortor magna condimentum vel, placerat id blandit sit amet tortor.[\/vc_column_text][\/vc_column][\/vc_row]<\/p>\n<\/div>","protected":false},"excerpt":{"rendered":"<p>[vc_row css_animation=&#8221;&#8221; row_type=&#8221;row&#8221; use_row_as_full_screen_section=&#8221;no&#8221; type=&#8221;full_width&#8221; angled_section=&#8221;no&#8221; text_align=&#8221;left&#8221; background_image_as_pattern=&#8221;without_pattern&#8221;][vc_column][\/vc_column][\/vc_row][vc_row css_animation=&#8221;&#8221; row_type=&#8221;row&#8221; use_row_as_full_screen_section=&#8221;no&#8221; type=&#8221;full_width&#8221; angled_section=&#8221;no&#8221; text_align=&#8221;left&#8221; background_image_as_pattern=&#8221;without_pattern&#8221; css=&#8221;.vc_custom_1525035732624{padding-top: 3% !important;padding-bottom: 4% !important;}&#8221;][vc_column width=&#8221;1\/2&#8243;][vc_column_text] Otsikko Lorem ipsum\u00a0dolor sit amet, consectetuer adipiscing elit. Sed posuere interdum sem. Quisque ligula eros ullamcorper quis, lacinia quis facilisis sed sapien. Mauris varius&#8230;<\/p>\n","protected":false},"author":1,"featured_media":0,"parent":0,"menu_order":0,"comment_status":"closed","ping_status":"closed","template":"","meta":{"footnotes":""},"class_list":["post-123","page","type-page","status-publish","hentry"],"_links":{"self":[{"href":"https:\/\/sites1.matkaverkko.fi\/matka-template\/wp-json\/wp\/v2\/pages\/123","targetHints":{"allow":["GET"]}}],"collection":[{"href":"https:\/\/sites1.matkaverkko.fi\/matka-template\/wp-json\/wp\/v2\/pages"}],"about":[{"href":"https:\/\/sites1.matkaverkko.fi\/matka-template\/wp-json\/wp\/v2\/types\/page"}],"author":[{"embeddable":true,"href":"https:\/\/sites1.matkaverkko.fi\/matka-template\/wp-json\/wp\/v2\/users\/1"}],"replies":[{"embeddable":true,"href":"https:\/\/sites1.matkaverkko.fi\/matka-template\/wp-json\/wp\/v2\/comments?post=123"}],"version-history":[{"count":4,"href":"https:\/\/sites1.matkaverkko.fi\/matka-template\/wp-json\/wp\/v2\/pages\/123\/revisions"}],"predecessor-version":[{"id":357,"href":"https:\/\/sites1.matkaverkko.fi\/matka-template\/wp-json\/wp\/v2\/pages\/123\/revisions\/357"}],"wp:attachment":[{"href":"https:\/\/sites1.matkaverkko.fi\/matka-template\/wp-json\/wp\/v2\/media?parent=123"}],"curies":[{"name":"wp","href":"https:\/\/api.w.org\/{rel}","templated":true}]}}