{"id":1100,"date":"2024-11-07T11:14:45","date_gmt":"2024-11-07T11:14:45","guid":{"rendered":"https:\/\/sites1.matkaverkko.fi\/matka-template\/?page_id=1100"},"modified":"2024-11-18T07:29:53","modified_gmt":"2024-11-18T07:29:53","slug":"lahjakortti","status":"publish","type":"page","link":"https:\/\/sites1.matkaverkko.fi\/matka-template\/lahjakortti\/","title":{"rendered":"Lahjakortti"},"content":{"rendered":"<div class=\"wpb-content-wrapper\"><p>[vc_row css_animation=&#8221;&#8221; row_type=&#8221;row&#8221; use_row_as_full_screen_section=&#8221;no&#8221; type=&#8221;full_width&#8221; angled_section=&#8221;no&#8221; text_align=&#8221;left&#8221; background_image_as_pattern=&#8221;without_pattern&#8221;][vc_column][vc_column_text css=&#8221;&#8221;]Muista l\u00e4heist\u00e4si merkkip\u00e4iv\u00e4n\u00e4! Matkalahjakortti on voimassa 12 kk ostop\u00e4iv\u00e4st\u00e4 lukien.<\/p>\n<p>Saat lahjakortin heti oston j\u00e4lkeen s\u00e4hk\u00f6postiisi, josta voit sen v\u00e4litt\u00e4\u00e4 eteenp\u00e4in lahjakortin saajalle omalla saatteellasi. Lahjakortti toimitetaan PDF-muodossa, joten voit my\u00f6s halutessasi tulostaa sen.<\/p>\n<p>Lahjakortti on k\u00e4ytett\u00e4viss\u00e4 verkkokaupassamme sek\u00e4 myyntipalvelussamme p. 09-777650 tai Kivijalkakatu 1.[\/vc_column_text][\/vc_column][\/vc_row][vc_row css_animation=&#8221;&#8221; row_type=&#8221;row&#8221; use_row_as_full_screen_section=&#8221;no&#8221; type=&#8221;full_width&#8221; angled_section=&#8221;no&#8221; text_align=&#8221;left&#8221; background_image_as_pattern=&#8221;without_pattern&#8221;][vc_column][vc_raw_html css=&#8221;&#8221;]JTNDd2lucmVzLWdpZnQtY2FyZCUzRSUzQyUyRndpbnJlcy1naWZ0LWNhcmQlM0UlMEElM0NzY3JpcHQlMjB0eXBlJTNEJTIybW9kdWxlJTIyJTIwc3JjJTNEJTIyaHR0cHMlM0ElMkYlMkZrb21wb25lbnRpdC5tYXRrYXZlcmtrby5maSUyRmxhaGpha29ydHRpJTJGZGVtb210LmpzJTIyJTNFJTNDJTJGc2NyaXB0JTNF[\/vc_raw_html][\/vc_column][\/vc_row]<\/p>\n<\/div>","protected":false},"excerpt":{"rendered":"<p>[vc_row css_animation=&#8221;&#8221; row_type=&#8221;row&#8221; use_row_as_full_screen_section=&#8221;no&#8221; type=&#8221;full_width&#8221; angled_section=&#8221;no&#8221; text_align=&#8221;left&#8221; background_image_as_pattern=&#8221;without_pattern&#8221;][vc_column][vc_column_text css=&#8221;&#8221;]Muista l\u00e4heist\u00e4si merkkip\u00e4iv\u00e4n\u00e4! Matkalahjakortti on voimassa 12 kk ostop\u00e4iv\u00e4st\u00e4 lukien. Saat lahjakortin heti oston j\u00e4lkeen s\u00e4hk\u00f6postiisi, josta voit sen v\u00e4litt\u00e4\u00e4 eteenp\u00e4in lahjakortin saajalle omalla saatteellasi. Lahjakortti toimitetaan PDF-muodossa, joten voit my\u00f6s halutessasi tulostaa sen. Lahjakortti on k\u00e4ytett\u00e4viss\u00e4&#8230;<\/p>\n","protected":false},"author":1,"featured_media":0,"parent":0,"menu_order":0,"comment_status":"closed","ping_status":"closed","template":"","meta":{"footnotes":""},"class_list":["post-1100","page","type-page","status-publish","hentry"],"_links":{"self":[{"href":"https:\/\/sites1.matkaverkko.fi\/matka-template\/wp-json\/wp\/v2\/pages\/1100","targetHints":{"allow":["GET"]}}],"collection":[{"href":"https:\/\/sites1.matkaverkko.fi\/matka-template\/wp-json\/wp\/v2\/pages"}],"about":[{"href":"https:\/\/sites1.matkaverkko.fi\/matka-template\/wp-json\/wp\/v2\/types\/page"}],"author":[{"embeddable":true,"href":"https:\/\/sites1.matkaverkko.fi\/matka-template\/wp-json\/wp\/v2\/users\/1"}],"replies":[{"embeddable":true,"href":"https:\/\/sites1.matkaverkko.fi\/matka-template\/wp-json\/wp\/v2\/comments?post=1100"}],"version-history":[{"count":5,"href":"https:\/\/sites1.matkaverkko.fi\/matka-template\/wp-json\/wp\/v2\/pages\/1100\/revisions"}],"predecessor-version":[{"id":1107,"href":"https:\/\/sites1.matkaverkko.fi\/matka-template\/wp-json\/wp\/v2\/pages\/1100\/revisions\/1107"}],"wp:attachment":[{"href":"https:\/\/sites1.matkaverkko.fi\/matka-template\/wp-json\/wp\/v2\/media?parent=1100"}],"curies":[{"name":"wp","href":"https:\/\/api.w.org\/{rel}","templated":true}]}}